{"id":2076,"date":"2025-10-22T17:30:14","date_gmt":"2025-10-22T15:30:14","guid":{"rendered":"https:\/\/franquiciascdm.com\/?page_id=2076"},"modified":"2025-10-22T21:10:09","modified_gmt":"2025-10-22T19:10:09","slug":"nouvelles","status":"publish","type":"page","link":"https:\/\/franquiciascdm.com\/fr\/nouvelles\/","title":{"rendered":"Actualit\u00e9s"},"content":{"rendered":"<div data-elementor-type=\"wp-page\" data-elementor-id=\"2076\" class=\"elementor elementor-2076\" data-elementor-post-type=\"page\">\n\t\t\t\t<div class=\"elementor-element elementor-element-a9e4e1f section-s e-flex e-con-boxed e-con e-parent\" data-id=\"a9e4e1f\" data-element_type=\"container\" data-e-type=\"container\" data-settings=\"{&quot;shape_divider_top&quot;:&quot;mountains&quot;}\">\n\t\t\t\t\t<div class=\"e-con-inner\">\n\t\t\t\t<div class=\"elementor-shape elementor-shape-top\" aria-hidden=\"true\" data-negative=\"false\">\n\t\t\t<svg xmlns=\"http:\/\/www.w3.org\/2000\/svg\" viewbox=\"0 0 1000 100\" preserveaspectratio=\"none\">\n\t<path class=\"elementor-shape-fill\" opacity=\"0.33\" d=\"M473,67.3c-203.9,88.3-263.1-34-320.3,0C66,119.1,0,59.7,0,59.7V0h1000v59.7 c0,0-62.1,26.1-94.9,29.3c-32.8,3.3-62.8-12.3-75.8-22.1C806,49.6,745.3,8.7,694.9,4.7S492.4,59,473,67.3z\"\/>\n\t<path class=\"elementor-shape-fill\" opacity=\"0.66\" d=\"M734,67.3c-45.5,0-77.2-23.2-129.1-39.1c-28.6-8.7-150.3-10.1-254,39.1 s-91.7-34.4-149.2,0C115.7,118.3,0,39.8,0,39.8V0h1000v36.5c0,0-28.2-18.5-92.1-18.5C810.2,18.1,775.7,67.3,734,67.3z\"\/>\n\t<path class=\"elementor-shape-fill\" d=\"M766.1,28.9c-200-57.5-266,65.5-395.1,19.5C242,1.8,242,5.4,184.8,20.6C128,35.8,132.3,44.9,89.9,52.5C28.6,63.7,0,0,0,0 h1000c0,0-9.9,40.9-83.6,48.1S829.6,47,766.1,28.9z\"\/>\n<\/svg>\t\t<\/div>\n\t\t<div class=\"elementor-element elementor-element-3cf94b8 e-con-full e-flex e-con e-child\" data-id=\"3cf94b8\" data-element_type=\"container\" data-e-type=\"container\">\n\t\t\t\t<div class=\"elementor-element elementor-element-011b212 elementor-posts--align-left elementor-grid-2 elementor-grid-tablet-2 elementor-grid-mobile-1 elementor-posts--thumbnail-top elementor-card-shadow-yes elementor-posts__hover-gradient elementor-widget elementor-widget-posts\" data-id=\"011b212\" data-element_type=\"widget\" data-e-type=\"widget\" data-settings=\"{&quot;pagination_type&quot;:&quot;load_more_infinite_scroll&quot;,&quot;cards_columns&quot;:&quot;2&quot;,&quot;cards_columns_tablet&quot;:&quot;2&quot;,&quot;cards_columns_mobile&quot;:&quot;1&quot;,&quot;cards_row_gap&quot;:{&quot;unit&quot;:&quot;px&quot;,&quot;size&quot;:35,&quot;sizes&quot;:[]},&quot;cards_row_gap_tablet&quot;:{&quot;unit&quot;:&quot;px&quot;,&quot;size&quot;:&quot;&quot;,&quot;sizes&quot;:[]},&quot;cards_row_gap_mobile&quot;:{&quot;unit&quot;:&quot;px&quot;,&quot;size&quot;:&quot;&quot;,&quot;sizes&quot;:[]},&quot;load_more_spinner&quot;:{&quot;value&quot;:&quot;fas fa-spinner&quot;,&quot;library&quot;:&quot;fa-solid&quot;}}\" data-widget_type=\"posts.cards\">\n\t\t\t\t<div class=\"elementor-widget-container\">\n\t\t\t\t\t\t\t<div class=\"elementor-posts-container elementor-posts elementor-posts--skin-cards elementor-grid\" role=\"list\">\n\t\t\t\t<article class=\"elementor-post elementor-grid-item post-2261 post type-post status-publish format-standard has-post-thumbnail hentry category-cdm\" role=\"listitem\">\n\t\t\t<div class=\"elementor-post__card\">\n\t\t\t\t<a class=\"elementor-post__thumbnail__link\" href=\"https:\/\/franquiciascdm.com\/fr\/interview-du-fondateur-de-crepes-du-monde\/\" tabindex=\"-1\" target=\"_blank\"><div class=\"elementor-post__thumbnail\"><img decoding=\"async\" width=\"1440\" height=\"1080\" src=\"https:\/\/franquiciascdm.com\/wp-content\/uploads\/Video-Featured-Image.webp\" class=\"attachment-full size-full wp-image-2264\" alt=\"Vid\u00e9o Image vedette\" srcset=\"https:\/\/franquiciascdm.com\/wp-content\/uploads\/Video-Featured-Image.webp 1440w, https:\/\/franquiciascdm.com\/wp-content\/uploads\/Video-Featured-Image-768x576.webp 768w, https:\/\/franquiciascdm.com\/wp-content\/uploads\/Video-Featured-Image-16x12.webp 16w\" sizes=\"(max-width: 1440px) 100vw, 1440px\" \/><\/div><\/a>\n\t\t\t\t<div class=\"elementor-post__text\">\n\t\t\t\t<h3 class=\"elementor-post__title\">\n\t\t\t<a href=\"https:\/\/franquiciascdm.com\/fr\/interview-du-fondateur-de-crepes-du-monde\/\" target=\"&quot;_blank&quot;\">\n\t\t\t\tEntretien avec le fondateur de Cr\u00eapes Du Monde\t\t\t<\/a>\n\t\t<\/h3>\n\t\t\t\t<div class=\"elementor-post__excerpt\">\n\t\t\t<p>Dans cette interview non sc\u00e9naris\u00e9e avec Franchise Today, le fondateur de Cr\u00eapes du Monde raconte la v\u00e9rit\u00e9 derri\u00e8re son succ\u00e8s : comment ils sont pass\u00e9s d'une entreprise \u00e0 une autre.<\/p>\n\t\t<\/div>\n\t\t\t\t\t<div class=\"elementor-post__read-more-wrapper\">\n\t\t\n\t\t<a class=\"elementor-post__read-more\" href=\"https:\/\/franquiciascdm.com\/fr\/interview-du-fondateur-de-crepes-du-monde\/\" aria-label=\"Read more about Entrevista al fundador de Cr\u00eapes Du Monde\" tabindex=\"-1\" target=\"_blank\">\n\t\t\tPoursuivre la lecture\t\t<\/a>\n\n\t\t\t\t\t<\/div>\n\t\t\t\t<\/div>\n\t\t\t\t\t<\/div>\n\t\t<\/article>\n\t\t\t\t<article class=\"elementor-post elementor-grid-item post-2224 post type-post status-publish format-standard has-post-thumbnail hentry category-cdm\" role=\"listitem\">\n\t\t\t<div class=\"elementor-post__card\">\n\t\t\t\t<a class=\"elementor-post__thumbnail__link\" href=\"https:\/\/franquiciascdm.com\/fr\/la-franchise-sans-gluten-qui-allie-lart-le-gout-et-la-rentabilite\/\" tabindex=\"-1\" target=\"_blank\"><div class=\"elementor-post__thumbnail\"><img decoding=\"async\" width=\"1344\" height=\"768\" src=\"https:\/\/franquiciascdm.com\/wp-content\/uploads\/Generated-Image-October-21-2025-6_51PM.webp\" class=\"attachment-full size-full wp-image-2231\" alt=\"Image g\u00e9n\u00e9r\u00e9e le 21 octobre 2025 \u00e0 18 h 51\" srcset=\"https:\/\/franquiciascdm.com\/wp-content\/uploads\/Generated-Image-October-21-2025-6_51PM.webp 1344w, https:\/\/franquiciascdm.com\/wp-content\/uploads\/Generated-Image-October-21-2025-6_51PM-768x439.webp 768w, https:\/\/franquiciascdm.com\/wp-content\/uploads\/Generated-Image-October-21-2025-6_51PM-18x10.webp 18w\" sizes=\"(max-width: 1344px) 100vw, 1344px\" \/><\/div><\/a>\n\t\t\t\t<div class=\"elementor-post__text\">\n\t\t\t\t<h3 class=\"elementor-post__title\">\n\t\t\t<a href=\"https:\/\/franquiciascdm.com\/fr\/la-franchise-sans-gluten-qui-allie-lart-le-gout-et-la-rentabilite\/\" target=\"&quot;_blank&quot;\">\n\t\t\t\tLa franchise sans gluten qui allie l'art, la saveur et la rentabilit\u00e9\t\t\t<\/a>\n\t\t<\/h3>\n\t\t\t\t<div class=\"elementor-post__excerpt\">\n\t\t\t<p>Des cr\u00eapes artisanales avec une esth\u00e9tique qui vous s\u00e9duira et un mod\u00e8le \u00e9conomique qui ne cesse de cro\u00eetre : c'est ce que propose Cr\u00eapes du Monde, la marque qui est \u00e0 l'origine de la cr\u00e9ation de Cr\u00eapes du Monde.<\/p>\n\t\t<\/div>\n\t\t\t\t\t<div class=\"elementor-post__read-more-wrapper\">\n\t\t\n\t\t<a class=\"elementor-post__read-more\" href=\"https:\/\/franquiciascdm.com\/fr\/la-franchise-sans-gluten-qui-allie-lart-le-gout-et-la-rentabilite\/\" aria-label=\"Read more about La franquicia sin gluten que une arte, sabor y rentabilidad\" tabindex=\"-1\" target=\"_blank\">\n\t\t\tPoursuivre la lecture\t\t<\/a>\n\n\t\t\t\t\t<\/div>\n\t\t\t\t<\/div>\n\t\t\t\t\t<\/div>\n\t\t<\/article>\n\t\t\t\t<\/div>\n\t\t\t\t\t<span class=\"e-load-more-spinner\">\n\t\t\t\t<svg aria-hidden=\"true\" class=\"e-font-icon-svg e-fas-spinner\" viewbox=\"0 0 512 512\" xmlns=\"http:\/\/www.w3.org\/2000\/svg\"><path d=\"M304 48c0 26.51-21.49 48-48 48s-48-21.49-48-48 21.49-48 48-48 48 21.49 48 48zm-48 368c-26.51 0-48 21.49-48 48s21.49 48 48 48 48-21.49 48-48-21.49-48-48-48zm208-208c-26.51 0-48 21.49-48 48s21.49 48 48 48 48-21.49 48-48-21.49-48-48-48zM96 256c0-26.51-21.49-48-48-48S0 229.49 0 256s21.49 48 48 48 48-21.49 48-48zm12.922 99.078c-26.51 0-48 21.49-48 48s21.49 48 48 48 48-21.49 48-48c0-26.509-21.491-48-48-48zm294.156 0c-26.51 0-48 21.49-48 48s21.49 48 48 48 48-21.49 48-48c0-26.509-21.49-48-48-48zM108.922 60.922c-26.51 0-48 21.49-48 48s21.49 48 48 48 48-21.49 48-48-21.491-48-48-48z\"><\/path><\/svg>\t\t\t<\/span>\n\t\t\n\t\t\t\t<div class=\"e-load-more-anchor\" data-page=\"1\" data-max-page=\"2\" data-next-page=\"https:\/\/franquiciascdm.com\/wp-json\/wp\/v2\/pages\/2076\/page\/2\/\"><\/div>\n\t\t\t\t<div class=\"e-load-more-message\"><\/div>\n\t\t\t\t\t\t<\/div>\n\t\t\t\t<\/div>\n\t\t\t\t<\/div>\n\t\t<div class=\"elementor-element elementor-element-618c2eb e-con-full e-flex e-con e-child\" data-id=\"618c2eb\" data-element_type=\"container\" data-e-type=\"container\">\n\t\t<div class=\"elementor-element elementor-element-901711e e-con-full e-flex e-con e-child\" data-id=\"901711e\" data-element_type=\"container\" data-e-type=\"container\">\n\t\t\t\t<div class=\"elementor-element elementor-element-5df0bd5 elementor-widget elementor-widget-image\" data-id=\"5df0bd5\" data-element_type=\"widget\" data-e-type=\"widget\" data-widget_type=\"image.default\">\n\t\t\t\t\t\t\t\t\t\t\t\t\t\t\t<img decoding=\"async\" width=\"100\" height=\"100\" src=\"https:\/\/franquiciascdm.com\/wp-content\/uploads\/CDM-F-Logo-Black.svg\" class=\"attachment-full size-full wp-image-1768\" alt=\"Logo Cdm f noir\" \/>\t\t\t\t\t\t\t\t\t\t\t\t\t\t\t<\/div>\n\t\t\t\t<\/div>\n\t\t<div class=\"elementor-element elementor-element-fa589e6 e-con-full e-flex e-con e-child\" data-id=\"fa589e6\" data-element_type=\"container\" data-e-type=\"container\">\n\t\t\t\t<div class=\"elementor-element elementor-element-e2703a8 elementor-widget-divider--view-line_text elementor-widget-divider--separator-type-pattern elementor-widget-divider--element-align-center elementor-widget elementor-widget-divider\" data-id=\"e2703a8\" data-element_type=\"widget\" data-e-type=\"widget\" data-widget_type=\"divider.default\">\n\t\t\t\t\t\t\t<div class=\"elementor-divider\" style=\"--divider-pattern-url: url(&quot;data:image\/svg+xml,%3Csvg xmlns=&#039;http:\/\/www.w3.org\/2000\/svg&#039; preserveAspectRatio=&#039;none&#039; overflow=&#039;visible&#039; height=&#039;100%&#039; viewBox=&#039;0 0 24 24&#039; fill=&#039;black&#039; stroke=&#039;none&#039;%3E%3Cpolygon points=&#039;9.4,2 24,2 14.6,21.6 0,21.6&#039;\/%3E%3C\/svg%3E&quot;);\">\n\t\t\t<span class=\"elementor-divider-separator\">\n\t\t\t\t\t\t\t<h3 class=\"elementor-divider__text elementor-divider__element\">\n\t\t\t\tActualit\u00e9s\t\t\t\t<\/h3>\n\t\t\t\t\t\t<\/span>\n\t\t<\/div>\n\t\t\t\t\t\t<\/div>\n\t\t\t\t<div class=\"elementor-element elementor-element-e61983f elementor-posts--align-left elementor-grid-1 elementor-posts--thumbnail-left elementor-grid-tablet-2 elementor-grid-mobile-1 elementor-widget elementor-widget-posts\" data-id=\"e61983f\" data-element_type=\"widget\" data-e-type=\"widget\" data-settings=\"{&quot;pagination_type&quot;:&quot;load_more_infinite_scroll&quot;,&quot;classic_columns&quot;:&quot;1&quot;,&quot;classic_row_gap&quot;:{&quot;unit&quot;:&quot;px&quot;,&quot;size&quot;:20,&quot;sizes&quot;:[]},&quot;classic_columns_tablet&quot;:&quot;2&quot;,&quot;classic_columns_mobile&quot;:&quot;1&quot;,&quot;classic_row_gap_tablet&quot;:{&quot;unit&quot;:&quot;px&quot;,&quot;size&quot;:&quot;&quot;,&quot;sizes&quot;:[]},&quot;classic_row_gap_mobile&quot;:{&quot;unit&quot;:&quot;px&quot;,&quot;size&quot;:&quot;&quot;,&quot;sizes&quot;:[]},&quot;load_more_spinner&quot;:{&quot;value&quot;:&quot;fas fa-spinner&quot;,&quot;library&quot;:&quot;fa-solid&quot;}}\" data-widget_type=\"posts.classic\">\n\t\t\t\t<div class=\"elementor-widget-container\">\n\t\t\t\t\t\t\t<div class=\"elementor-posts-container elementor-posts elementor-posts--skin-classic elementor-grid\" role=\"list\">\n\t\t\t\t<article class=\"elementor-post elementor-grid-item post-2261 post type-post status-publish format-standard has-post-thumbnail hentry category-cdm\" role=\"listitem\">\n\t\t\t\t<a class=\"elementor-post__thumbnail__link\" href=\"https:\/\/franquiciascdm.com\/fr\/interview-du-fondateur-de-crepes-du-monde\/\" tabindex=\"-1\" >\n\t\t\t<div class=\"elementor-post__thumbnail\"><img decoding=\"async\" width=\"1440\" height=\"1080\" src=\"https:\/\/franquiciascdm.com\/wp-content\/uploads\/Video-Featured-Image.webp\" class=\"attachment-full size-full wp-image-2264\" alt=\"Vid\u00e9o Image vedette\" srcset=\"https:\/\/franquiciascdm.com\/wp-content\/uploads\/Video-Featured-Image.webp 1440w, https:\/\/franquiciascdm.com\/wp-content\/uploads\/Video-Featured-Image-768x576.webp 768w, https:\/\/franquiciascdm.com\/wp-content\/uploads\/Video-Featured-Image-16x12.webp 16w\" sizes=\"(max-width: 1440px) 100vw, 1440px\" \/><\/div>\n\t\t<\/a>\n\t\t\t\t<div class=\"elementor-post__text\">\n\t\t\t\t<h3 class=\"elementor-post__title\">\n\t\t\t<a href=\"https:\/\/franquiciascdm.com\/fr\/interview-du-fondateur-de-crepes-du-monde\/\" >\n\t\t\t\tEntretien avec le fondateur de Cr\u00eapes Du Monde\t\t\t<\/a>\n\t\t<\/h3>\n\t\t\t\t\t<div class=\"elementor-post__read-more-wrapper\">\n\t\t\n\t\t<a class=\"elementor-post__read-more\" href=\"https:\/\/franquiciascdm.com\/fr\/interview-du-fondateur-de-crepes-du-monde\/\" aria-label=\"Read more about Entrevista al fundador de Cr\u00eapes Du Monde\" tabindex=\"-1\" >\n\t\t\tEn savoir plus\t\t<\/a>\n\n\t\t\t\t\t<\/div>\n\t\t\t\t<\/div>\n\t\t\t\t<\/article>\n\t\t\t\t<article class=\"elementor-post elementor-grid-item post-2224 post type-post status-publish format-standard has-post-thumbnail hentry category-cdm\" role=\"listitem\">\n\t\t\t\t<a class=\"elementor-post__thumbnail__link\" href=\"https:\/\/franquiciascdm.com\/fr\/la-franchise-sans-gluten-qui-allie-lart-le-gout-et-la-rentabilite\/\" tabindex=\"-1\" >\n\t\t\t<div class=\"elementor-post__thumbnail\"><img decoding=\"async\" width=\"1344\" height=\"768\" src=\"https:\/\/franquiciascdm.com\/wp-content\/uploads\/Generated-Image-October-21-2025-6_51PM.webp\" class=\"attachment-full size-full wp-image-2231\" alt=\"Image g\u00e9n\u00e9r\u00e9e le 21 octobre 2025 \u00e0 18 h 51\" srcset=\"https:\/\/franquiciascdm.com\/wp-content\/uploads\/Generated-Image-October-21-2025-6_51PM.webp 1344w, https:\/\/franquiciascdm.com\/wp-content\/uploads\/Generated-Image-October-21-2025-6_51PM-768x439.webp 768w, https:\/\/franquiciascdm.com\/wp-content\/uploads\/Generated-Image-October-21-2025-6_51PM-18x10.webp 18w\" sizes=\"(max-width: 1344px) 100vw, 1344px\" \/><\/div>\n\t\t<\/a>\n\t\t\t\t<div class=\"elementor-post__text\">\n\t\t\t\t<h3 class=\"elementor-post__title\">\n\t\t\t<a href=\"https:\/\/franquiciascdm.com\/fr\/la-franchise-sans-gluten-qui-allie-lart-le-gout-et-la-rentabilite\/\" >\n\t\t\t\tLa franchise sans gluten qui allie l'art, la saveur et la rentabilit\u00e9\t\t\t<\/a>\n\t\t<\/h3>\n\t\t\t\t\t<div class=\"elementor-post__read-more-wrapper\">\n\t\t\n\t\t<a class=\"elementor-post__read-more\" href=\"https:\/\/franquiciascdm.com\/fr\/la-franchise-sans-gluten-qui-allie-lart-le-gout-et-la-rentabilite\/\" aria-label=\"Read more about La franquicia sin gluten que une arte, sabor y rentabilidad\" tabindex=\"-1\" >\n\t\t\tEn savoir plus\t\t<\/a>\n\n\t\t\t\t\t<\/div>\n\t\t\t\t<\/div>\n\t\t\t\t<\/article>\n\t\t\t\t<article class=\"elementor-post elementor-grid-item post-1892 post type-post status-publish format-standard has-post-thumbnail hentry category-cdm\" role=\"listitem\">\n\t\t\t\t<a class=\"elementor-post__thumbnail__link\" href=\"https:\/\/franquiciascdm.com\/fr\/crepes-du-monde-la-franchise-sans-gluten-a-la-conquete-de-lespagne-par-le-gout-le-design-et-la-rentabilite\/\" tabindex=\"-1\" >\n\t\t\t<div class=\"elementor-post__thumbnail\"><img decoding=\"async\" width=\"1379\" height=\"460\" src=\"https:\/\/franquiciascdm.com\/wp-content\/uploads\/Crepes-du-Monde-ndp.jpg\" class=\"attachment-full size-full wp-image-1896\" alt=\"Cr\u00eapes du monde ndp\" srcset=\"https:\/\/franquiciascdm.com\/wp-content\/uploads\/Crepes-du-Monde-ndp.jpg 1379w, https:\/\/franquiciascdm.com\/wp-content\/uploads\/Crepes-du-Monde-ndp-768x256.jpg 768w, https:\/\/franquiciascdm.com\/wp-content\/uploads\/Crepes-du-Monde-ndp-18x6.jpg 18w\" sizes=\"(max-width: 1379px) 100vw, 1379px\" \/><\/div>\n\t\t<\/a>\n\t\t\t\t<div class=\"elementor-post__text\">\n\t\t\t\t<h3 class=\"elementor-post__title\">\n\t\t\t<a href=\"https:\/\/franquiciascdm.com\/fr\/crepes-du-monde-la-franchise-sans-gluten-a-la-conquete-de-lespagne-par-le-gout-le-design-et-la-rentabilite\/\" >\n\t\t\t\tLa franchise de produits sans gluten \u00e0 la conqu\u00eate de l'Espagne gr\u00e2ce \u00e0 sa saveur, son design et sa rentabilit\u00e9\t\t\t<\/a>\n\t\t<\/h3>\n\t\t\t\t\t<div class=\"elementor-post__read-more-wrapper\">\n\t\t\n\t\t<a class=\"elementor-post__read-more\" href=\"https:\/\/franquiciascdm.com\/fr\/crepes-du-monde-la-franchise-sans-gluten-a-la-conquete-de-lespagne-par-le-gout-le-design-et-la-rentabilite\/\" aria-label=\"Read more about La franquicia sin gluten que conquista Espa\u00f1a con sabor, dise\u00f1o y rentabilidad\" tabindex=\"-1\" >\n\t\t\tEn savoir plus\t\t<\/a>\n\n\t\t\t\t\t<\/div>\n\t\t\t\t<\/div>\n\t\t\t\t<\/article>\n\t\t\t\t<\/div>\n\t\t\t\t\t<span class=\"e-load-more-spinner\">\n\t\t\t\t<svg aria-hidden=\"true\" class=\"e-font-icon-svg e-fas-spinner\" viewbox=\"0 0 512 512\" xmlns=\"http:\/\/www.w3.org\/2000\/svg\"><path d=\"M304 48c0 26.51-21.49 48-48 48s-48-21.49-48-48 21.49-48 48-48 48 21.49 48 48zm-48 368c-26.51 0-48 21.49-48 48s21.49 48 48 48 48-21.49 48-48-21.49-48-48-48zm208-208c-26.51 0-48 21.49-48 48s21.49 48 48 48 48-21.49 48-48-21.49-48-48-48zM96 256c0-26.51-21.49-48-48-48S0 229.49 0 256s21.49 48 48 48 48-21.49 48-48zm12.922 99.078c-26.51 0-48 21.49-48 48s21.49 48 48 48 48-21.49 48-48c0-26.509-21.491-48-48-48zm294.156 0c-26.51 0-48 21.49-48 48s21.49 48 48 48 48-21.49 48-48c0-26.509-21.49-48-48-48zM108.922 60.922c-26.51 0-48 21.49-48 48s21.49 48 48 48 48-21.49 48-48-21.491-48-48-48z\"><\/path><\/svg>\t\t\t<\/span>\n\t\t\n\t\t\t\t\t\t<\/div>\n\t\t\t\t<\/div>\n\t\t\t\t<\/div>\n\t\t\t\t<\/div>\n\t\t\t\t\t<\/div>\n\t\t\t\t<\/div>\n\t\t\t\t<\/div>","protected":false},"excerpt":{"rendered":"<p>Actualit\u00e9s<\/p>","protected":false},"author":1,"featured_media":0,"parent":0,"menu_order":12,"comment_status":"closed","ping_status":"closed","template":"","meta":{"slim_seo":{"title":"La franquicia sin gluten que conquista Espa\u00f1a con sabor, dise\u00f1o y rentabilidad - Cr\u00eapes Du Monde Franquicias","description":"De plus en plus d'entrepreneurs dans toute l'Espagne s'int\u00e9ressent \u00e0 Cr\u00eapes du Monde, le restaurant innovant de cr\u00eapes gastronomiques sans gluten 100 %. Son approche inclusive"},"footnotes":""},"class_list":["post-2076","page","type-page","status-publish","hentry"],"_links":{"self":[{"href":"https:\/\/franquiciascdm.com\/fr\/wp-json\/wp\/v2\/pages\/2076","targetHints":{"allow":["GET"]}}],"collection":[{"href":"https:\/\/franquiciascdm.com\/fr\/wp-json\/wp\/v2\/pages"}],"about":[{"href":"https:\/\/franquiciascdm.com\/fr\/wp-json\/wp\/v2\/types\/page"}],"author":[{"embeddable":true,"href":"https:\/\/franquiciascdm.com\/fr\/wp-json\/wp\/v2\/users\/1"}],"replies":[{"embeddable":true,"href":"https:\/\/franquiciascdm.com\/fr\/wp-json\/wp\/v2\/comments?post=2076"}],"version-history":[{"count":0,"href":"https:\/\/franquiciascdm.com\/fr\/wp-json\/wp\/v2\/pages\/2076\/revisions"}],"wp:attachment":[{"href":"https:\/\/franquiciascdm.com\/fr\/wp-json\/wp\/v2\/media?parent=2076"}],"curies":[{"name":"wp","href":"https:\/\/api.w.org\/{rel}","templated":true}]}}