{"id":54,"date":"2025-04-12T11:57:08","date_gmt":"2025-04-12T09:57:08","guid":{"rendered":"https:\/\/franquiciascdm.com\/?page_id=54"},"modified":"2025-11-25T13:37:36","modified_gmt":"2025-11-25T12:37:36","slug":"franchise","status":"publish","type":"page","link":"https:\/\/franquiciascdm.com\/fr\/franchise\/","title":{"rendered":"Franchise"},"content":{"rendered":"<div data-elementor-type=\"wp-page\" data-elementor-id=\"54\" class=\"elementor elementor-54\" data-elementor-post-type=\"page\">\n\t\t\t\t<div class=\"elementor-element elementor-element-b44c548 section-s e-flex e-con-boxed e-con e-parent\" data-id=\"b44c548\" data-element_type=\"container\" data-e-type=\"container\" data-settings=\"{&quot;shape_divider_top&quot;:&quot;mountains&quot;}\">\n\t\t\t\t\t<div class=\"e-con-inner\">\n\t\t\t\t<div class=\"elementor-shape elementor-shape-top\" aria-hidden=\"true\" data-negative=\"false\">\n\t\t\t<svg xmlns=\"http:\/\/www.w3.org\/2000\/svg\" viewbox=\"0 0 1000 100\" preserveaspectratio=\"none\">\n\t<path class=\"elementor-shape-fill\" opacity=\"0.33\" d=\"M473,67.3c-203.9,88.3-263.1-34-320.3,0C66,119.1,0,59.7,0,59.7V0h1000v59.7 c0,0-62.1,26.1-94.9,29.3c-32.8,3.3-62.8-12.3-75.8-22.1C806,49.6,745.3,8.7,694.9,4.7S492.4,59,473,67.3z\"\/>\n\t<path class=\"elementor-shape-fill\" opacity=\"0.66\" d=\"M734,67.3c-45.5,0-77.2-23.2-129.1-39.1c-28.6-8.7-150.3-10.1-254,39.1 s-91.7-34.4-149.2,0C115.7,118.3,0,39.8,0,39.8V0h1000v36.5c0,0-28.2-18.5-92.1-18.5C810.2,18.1,775.7,67.3,734,67.3z\"\/>\n\t<path class=\"elementor-shape-fill\" d=\"M766.1,28.9c-200-57.5-266,65.5-395.1,19.5C242,1.8,242,5.4,184.8,20.6C128,35.8,132.3,44.9,89.9,52.5C28.6,63.7,0,0,0,0 h1000c0,0-9.9,40.9-83.6,48.1S829.6,47,766.1,28.9z\"\/>\n<\/svg>\t\t<\/div>\n\t\t<div class=\"elementor-element elementor-element-f5f6203 e-con-full e-flex e-con e-child\" data-id=\"f5f6203\" data-element_type=\"container\" data-e-type=\"container\">\n\t\t\t\t<div class=\"elementor-element elementor-element-4f61c20 elementor-widget elementor-widget-heading\" data-id=\"4f61c20\" data-element_type=\"widget\" data-e-type=\"widget\" data-widget_type=\"heading.default\">\n\t\t\t\t\t<h2 class=\"elementor-heading-title elementor-size-default\">Ouvrez votre propre entreprise <br>\nCr\u00eapes Du Monde<\/h2>\t\t\t\t<\/div>\n\t\t\t\t<div class=\"elementor-element elementor-element-f0e35cd elementor-widget elementor-widget-heading\" data-id=\"f0e35cd\" data-element_type=\"widget\" data-e-type=\"widget\" data-widget_type=\"heading.default\">\n\t\t\t\t\t<h2 class=\"elementor-heading-title elementor-size-default\">Faites partie d'une marque qui red\u00e9finit la gastronomie sans gluten.<\/h2>\t\t\t\t<\/div>\n\t\t\t\t<div class=\"elementor-element elementor-element-738e099 elementor-align-left elementor-widget elementor-widget-button\" data-id=\"738e099\" data-element_type=\"widget\" data-e-type=\"widget\" data-widget_type=\"button.default\">\n\t\t\t\t\t\t\t\t\t\t<a class=\"elementor-button elementor-button-link elementor-size-sm elementor-animation-push\" href=\"https:\/\/franquiciascdm.com\/fr\/contact\/\">\n\t\t\t\t\t\t<span class=\"elementor-button-content-wrapper\">\n\t\t\t\t\t\t\t\t\t<span class=\"elementor-button-text\">Comment rejoindre la famille ?<\/span>\n\t\t\t\t\t<\/span>\n\t\t\t\t\t<\/a>\n\t\t\t\t\t\t\t\t<\/div>\n\t\t\t\t<\/div>\n\t\t<div class=\"elementor-element elementor-element-da3ec53 e-con-full e-flex e-con e-child\" data-id=\"da3ec53\" data-element_type=\"container\" data-e-type=\"container\">\n\t\t\t\t<div class=\"elementor-element elementor-element-0a323e4 elementor-widget elementor-widget-video\" data-id=\"0a323e4\" data-element_type=\"widget\" data-e-type=\"widget\" data-settings=\"{&quot;autoplay&quot;:&quot;yes&quot;,&quot;play_on_mobile&quot;:&quot;yes&quot;,&quot;loop&quot;:&quot;yes&quot;,&quot;video_type&quot;:&quot;hosted&quot;,&quot;mute&quot;:&quot;yes&quot;}\" data-widget_type=\"video.default\">\n\t\t\t\t\t\t\t<div class=\"e-hosted-video elementor-wrapper elementor-open-inline\">\n\t\t\t\t\t<video class=\"elementor-video\" src=\"https:\/\/franquiciascdm.com\/wp-content\/uploads\/Crepes-Du-Monde-Feliz-Navidad.mp4\" autoplay=\"\" loop=\"\" muted=\"muted\" playsinline=\"\" controlslist=\"nodownload\"><\/video>\n\t\t\t\t<\/div>\n\t\t\t\t\t\t<\/div>\n\t\t\t\t<div class=\"elementor-element elementor-element-17a4599 elementor-widget elementor-widget-html\" data-id=\"17a4599\" data-element_type=\"widget\" data-e-type=\"widget\" data-widget_type=\"html.default\">\n\t\t\t\t\t<script>\ndocument.addEventListener('DOMContentLoaded', function() {\n  const video = document.querySelector('video');\n  if (!video) return;\n  \n  const btn = document.createElement('button');\n  btn.innerHTML = '\ud83d\udd0a Activar sonido';\n  \n  Object.assign(btn.style, {\n    position: 'fixed',\n    background: '#931F1D',\n    color: 'white',\n    border: 'none',\n    padding: '8px 14px',\n    borderRadius: '6px',\n    cursor: 'pointer',\n    zIndex: '9999',\n    fontWeight: '600'\n  });\n  \n  function updatePosition() {\n    const rect = video.getBoundingClientRect();\n    btn.style.bottom = (window.innerHeight - rect.bottom + 20) + 'px';\n    btn.style.right = (window.innerWidth - rect.right + 20) + 'px';\n  }\n  \n  updatePosition();\n  window.addEventListener('scroll', updatePosition);\n  window.addEventListener('resize', updatePosition);\n  \n  btn.onclick = function() {\n    video.muted = false;\n    video.play();\n    btn.remove();\n    window.removeEventListener('scroll', updatePosition);\n    window.removeEventListener('resize', updatePosition);\n  };\n  \n  document.body.appendChild(btn);\n});\n<\/script>\t\t\t\t<\/div>\n\t\t\t\t<\/div>\n\t\t\t\t\t<\/div>\n\t\t\t\t<\/div>\n\t\t<div class=\"elementor-element elementor-element-e62176c section-xxs e-flex e-con-boxed e-con e-parent\" data-id=\"e62176c\" data-element_type=\"container\" data-e-type=\"container\">\n\t\t\t\t\t<div class=\"e-con-inner\">\n\t\t\t\t<div class=\"elementor-element elementor-element-7c7e7b5 elementor-widget elementor-widget-heading\" data-id=\"7c7e7b5\" data-element_type=\"widget\" data-e-type=\"widget\" data-widget_type=\"heading.default\">\n\t\t\t\t\t<h2 class=\"elementor-heading-title elementor-size-default\">MOD\u00c8LE DE PARTENARIAT<\/h2>\t\t\t\t<\/div>\n\t\t\t\t<div class=\"elementor-element elementor-element-9a0ce64 elementor-widget elementor-widget-heading\" data-id=\"9a0ce64\" data-element_type=\"widget\" data-e-type=\"widget\" data-widget_type=\"heading.default\">\n\t\t\t\t\t<h2 class=\"elementor-heading-title elementor-size-default\">Nous \u00e9voluons avec vous, pas \u00e0 pas.<\/h2>\t\t\t\t<\/div>\n\t\t\t\t<div class=\"elementor-element elementor-element-ddffa87 elementor-widget elementor-widget-text-editor\" data-id=\"ddffa87\" data-element_type=\"widget\" data-e-type=\"widget\" data-widget_type=\"text-editor.default\">\n\t\t\t\t\t\t\t\t\t<blockquote>Chez Cr\u00eapes Du Monde, nous croyons en un mod\u00e8le proche, collaboratif et humain.<\/blockquote><blockquote>Chaque franchis\u00e9 b\u00e9n\u00e9ficie de notre soutien, de la formation \u00e0 la gestion quotidienne.<\/blockquote>\t\t\t\t\t\t\t\t<\/div>\n\t\t\t\t\t<\/div>\n\t\t\t\t<\/div>\n\t\t<div class=\"elementor-element elementor-element-4ca3167 section-s e-flex e-con-boxed e-con e-parent\" data-id=\"4ca3167\" data-element_type=\"container\" data-e-type=\"container\">\n\t\t\t\t\t<div class=\"e-con-inner\">\n\t\t\t\t<div class=\"elementor-element elementor-element-d6b65f5 elementor-widget__width-initial elementor-view-default elementor-position-block-start elementor-mobile-position-block-start elementor-widget elementor-widget-icon-box\" data-id=\"d6b65f5\" data-element_type=\"widget\" data-e-type=\"widget\" data-widget_type=\"icon-box.default\">\n\t\t\t\t\t\t\t<div class=\"elementor-icon-box-wrapper\">\n\n\t\t\t\t\t\t<div class=\"elementor-icon-box-icon\">\n\t\t\t\t<span  class=\"elementor-icon elementor-animation-grow\">\n\t\t\t\t<svg xmlns=\"http:\/\/www.w3.org\/2000\/svg\" width=\"24\" height=\"24\" viewbox=\"0 0 24 24\" fill=\"none\" stroke=\"currentColor\" stroke-width=\"2\" stroke-linecap=\"round\" stroke-linejoin=\"round\" class=\"lucide lucide-book-open-check-icon lucide-book-open-check\"><path d=\"M12 21V7\"><\/path><path d=\"m16 12 2 2 4-4\"><\/path><path d=\"M22 6V4a1 1 0 0 0-1-1h-5a4 4 0 0 0-4 4 4 4 0 0 0-4-4H3a1 1 0 0 0-1 1v13a1 1 0 0 0 1 1h6a3 3 0 0 1 3 3 3 3 0 0 1 3-3h6a1 1 0 0 0 1-1v-1.3\"><\/path><\/svg>\t\t\t\t<\/span>\n\t\t\t<\/div>\n\t\t\t\n\t\t\t\t\t\t<div class=\"elementor-icon-box-content\">\n\n\t\t\t\t\t\t\t\t\t<h3 class=\"elementor-icon-box-title\">\n\t\t\t\t\t\t<span  >\n\t\t\t\t\t\t\tFormation compl\u00e8te\t\t\t\t\t\t<\/span>\n\t\t\t\t\t<\/h3>\n\t\t\t\t\n\t\t\t\t\t\t\t\t\t<p class=\"elementor-icon-box-description\">\n\t\t\t\t\t\tNous vous pr\u00e9parons dans tous les domaines : cuisine, gestion et service \u00e0 la client\u00e8le.\n\t\t\t\t\t<\/p>\n\t\t\t\t\n\t\t\t<\/div>\n\t\t\t\n\t\t<\/div>\n\t\t\t\t\t\t<\/div>\n\t\t\t\t<div class=\"elementor-element elementor-element-a5042cd elementor-widget__width-initial elementor-view-default elementor-position-block-start elementor-mobile-position-block-start elementor-widget elementor-widget-icon-box\" data-id=\"a5042cd\" data-element_type=\"widget\" data-e-type=\"widget\" data-widget_type=\"icon-box.default\">\n\t\t\t\t\t\t\t<div class=\"elementor-icon-box-wrapper\">\n\n\t\t\t\t\t\t<div class=\"elementor-icon-box-icon\">\n\t\t\t\t<span  class=\"elementor-icon elementor-animation-grow\">\n\t\t\t\t<svg xmlns=\"http:\/\/www.w3.org\/2000\/svg\" width=\"24\" height=\"24\" viewbox=\"0 0 24 24\" fill=\"none\" stroke=\"currentColor\" stroke-width=\"2\" stroke-linecap=\"round\" stroke-linejoin=\"round\" class=\"lucide lucide-trending-up-icon lucide-trending-up\"><path d=\"M16 7h6v6\"><\/path><path d=\"m22 7-8.5 8.5-5-5L2 17\"><\/path><\/svg>\t\t\t\t<\/span>\n\t\t\t<\/div>\n\t\t\t\n\t\t\t\t\t\t<div class=\"elementor-icon-box-content\">\n\n\t\t\t\t\t\t\t\t\t<h3 class=\"elementor-icon-box-title\">\n\t\t\t\t\t\t<span  >\n\t\t\t\t\t\t\tAccompagnement continu\t\t\t\t\t\t<\/span>\n\t\t\t\t\t<\/h3>\n\t\t\t\t\n\t\t\t\t\t\t\t\t\t<p class=\"elementor-icon-box-description\">\n\t\t\t\t\t\tUn suivi personnalis\u00e9 pour am\u00e9liorer les r\u00e9sultats et optimiser les processus.\n\t\t\t\t\t<\/p>\n\t\t\t\t\n\t\t\t<\/div>\n\t\t\t\n\t\t<\/div>\n\t\t\t\t\t\t<\/div>\n\t\t\t\t<div class=\"elementor-element elementor-element-6516e41 elementor-widget__width-initial elementor-view-default elementor-position-block-start elementor-mobile-position-block-start elementor-widget elementor-widget-icon-box\" data-id=\"6516e41\" data-element_type=\"widget\" data-e-type=\"widget\" data-widget_type=\"icon-box.default\">\n\t\t\t\t\t\t\t<div class=\"elementor-icon-box-wrapper\">\n\n\t\t\t\t\t\t<div class=\"elementor-icon-box-icon\">\n\t\t\t\t<span  class=\"elementor-icon elementor-animation-grow\">\n\t\t\t\t<svg xmlns=\"http:\/\/www.w3.org\/2000\/svg\" width=\"24\" height=\"24\" viewbox=\"0 0 24 24\" fill=\"none\" stroke=\"currentColor\" stroke-width=\"2\" stroke-linecap=\"round\" stroke-linejoin=\"round\" class=\"lucide lucide-lightbulb-icon lucide-lightbulb\"><path d=\"M15 14c.2-1 .7-1.7 1.5-2.5 1-.9 1.5-2.2 1.5-3.5A6 6 0 0 0 6 8c0 1 .2 2.2 1.5 3.5.7.7 1.3 1.5 1.5 2.5\"><\/path><path d=\"M9 18h6\"><\/path><path d=\"M10 22h4\"><\/path><\/svg>\t\t\t\t<\/span>\n\t\t\t<\/div>\n\t\t\t\n\t\t\t\t\t\t<div class=\"elementor-icon-box-content\">\n\n\t\t\t\t\t\t\t\t\t<h3 class=\"elementor-icon-box-title\">\n\t\t\t\t\t\t<span  >\n\t\t\t\t\t\t\tInnovation constante\t\t\t\t\t\t<\/span>\n\t\t\t\t\t<\/h3>\n\t\t\t\t\n\t\t\t\t\t\t\t\t\t<p class=\"elementor-icon-box-description\">\n\t\t\t\t\t\tMise \u00e0 jour des produits, de l'image et des strat\u00e9gies de marketing.\n\t\t\t\t\t<\/p>\n\t\t\t\t\n\t\t\t<\/div>\n\t\t\t\n\t\t<\/div>\n\t\t\t\t\t\t<\/div>\n\t\t\t\t<div class=\"elementor-element elementor-element-bebaaaa elementor-widget__width-initial elementor-view-default elementor-position-block-start elementor-mobile-position-block-start elementor-widget elementor-widget-icon-box\" data-id=\"bebaaaa\" data-element_type=\"widget\" data-e-type=\"widget\" data-widget_type=\"icon-box.default\">\n\t\t\t\t\t\t\t<div class=\"elementor-icon-box-wrapper\">\n\n\t\t\t\t\t\t<div class=\"elementor-icon-box-icon\">\n\t\t\t\t<span  class=\"elementor-icon elementor-animation-grow\">\n\t\t\t\t<svg xmlns=\"http:\/\/www.w3.org\/2000\/svg\" width=\"24\" height=\"24\" viewbox=\"0 0 24 24\" fill=\"none\" stroke=\"currentColor\" stroke-width=\"2\" stroke-linecap=\"round\" stroke-linejoin=\"round\" class=\"lucide lucide-heart-handshake-icon lucide-heart-handshake\"><path d=\"M19.414 14.414C21 12.828 22 11.5 22 9.5a5.5 5.5 0 0 0-9.591-3.676.6.6 0 0 1-.818.001A5.5 5.5 0 0 0 2 9.5c0 2.3 1.5 4 3 5.5l5.535 5.362a2 2 0 0 0 2.879.052 2.12 2.12 0 0 0-.004-3 2.124 2.124 0 1 0 3-3 2.124 2.124 0 0 0 3.004 0 2 2 0 0 0 0-2.828l-1.881-1.882a2.41 2.41 0 0 0-3.409 0l-1.71 1.71a2 2 0 0 1-2.828 0 2 2 0 0 1 0-2.828l2.823-2.762\"><\/path><\/svg>\t\t\t\t<\/span>\n\t\t\t<\/div>\n\t\t\t\n\t\t\t\t\t\t<div class=\"elementor-icon-box-content\">\n\n\t\t\t\t\t\t\t\t\t<h3 class=\"elementor-icon-box-title\">\n\t\t\t\t\t\t<span  >\n\t\t\t\t\t\t\tCommunaut\u00e9 <br>MCC\t\t\t\t\t\t<\/span>\n\t\t\t\t\t<\/h3>\n\t\t\t\t\n\t\t\t\t\t\t\t\t\t<p class=\"elementor-icon-box-description\">\n\t\t\t\t\t\tFaire partie d'un r\u00e9seau qui partage des valeurs, des connaissances et des exp\u00e9riences.\n\t\t\t\t\t<\/p>\n\t\t\t\t\n\t\t\t<\/div>\n\t\t\t\n\t\t<\/div>\n\t\t\t\t\t\t<\/div>\n\t\t\t\t\t<\/div>\n\t\t\t\t<\/div>\n\t\t<div class=\"elementor-element elementor-element-2363a71 section-s e-flex e-con-boxed e-con e-parent\" data-id=\"2363a71\" data-element_type=\"container\" data-e-type=\"container\">\n\t\t\t\t\t<div class=\"e-con-inner\">\n\t\t\t\t<div class=\"elementor-element elementor-element-a613960 elementor-widget elementor-widget-heading\" data-id=\"a613960\" data-element_type=\"widget\" data-e-type=\"widget\" data-widget_type=\"heading.default\">\n\t\t\t\t\t<h2 class=\"elementor-heading-title elementor-size-default\">CE QUE LA FRANCHISE OFFRE<\/h2>\t\t\t\t<\/div>\n\t\t\t\t<div class=\"elementor-element elementor-element-4e94ecf elementor-widget elementor-widget-heading\" data-id=\"4e94ecf\" data-element_type=\"widget\" data-e-type=\"widget\" data-widget_type=\"heading.default\">\n\t\t\t\t\t<h2 class=\"elementor-heading-title elementor-size-default\">Un mod\u00e8le con\u00e7u pour votre r\u00e9ussite.<\/h2>\t\t\t\t<\/div>\n\t\t\t\t<div class=\"elementor-element elementor-element-3d5151b elementor-widget elementor-widget-text-editor\" data-id=\"3d5151b\" data-element_type=\"widget\" data-e-type=\"widget\" data-widget_type=\"text-editor.default\">\n\t\t\t\t\t\t\t\t\t<blockquote><p>Chez Cr\u00eapes Du Monde, nous vous fournissons tout ce dont vous avez besoin pour que votre franchise soit op\u00e9rationnelle d\u00e8s le premier jour.<\/p><\/blockquote><blockquote><p>Nous accompagnons chaque \u00e9tape avec des outils r\u00e9els, une formation continue et un concept gastronomique \u00e9prouv\u00e9.<\/p><\/blockquote>\t\t\t\t\t\t\t\t<\/div>\n\t\t\t\t<div class=\"elementor-element elementor-element-e4add66 elementor-widget elementor-widget-heading\" data-id=\"e4add66\" data-element_type=\"widget\" data-e-type=\"widget\" data-widget_type=\"heading.default\">\n\t\t\t\t\t<h2 class=\"elementor-heading-title elementor-size-default\">PROFIL DU FRANCHIS\u00c9 ID\u00c9AL<\/h2>\t\t\t\t<\/div>\n\t\t\t\t<div class=\"elementor-element elementor-element-834831c elementor-widget elementor-widget-heading\" data-id=\"834831c\" data-element_type=\"widget\" data-e-type=\"widget\" data-widget_type=\"heading.default\">\n\t\t\t\t\t<h2 class=\"elementor-heading-title elementor-size-default\">Plus qu'un partenaire, un ambassadeur de notre philosophie.<\/h2>\t\t\t\t<\/div>\n\t\t\t\t<div class=\"elementor-element elementor-element-f42bc2e elementor-widget elementor-widget-text-editor\" data-id=\"f42bc2e\" data-element_type=\"widget\" data-e-type=\"widget\" data-widget_type=\"text-editor.default\">\n\t\t\t\t\t\t\t\t\t<blockquote><p class=\"p1\">Nous recherchons des personnes passionn\u00e9es par la gastronomie et le bien-\u00eatre.<\/p><p class=\"p1\">Faites-leur croire que manger sans gluten n'est pas une limitation, mais un moyen de s'amuser davantage.<\/p><p class=\"p1\">Vous n'avez pas besoin d'exp\u00e9rience pr\u00e9alable. Il suffit de faire preuve d'engagement, d'attitude et d'un d\u00e9sir de participer \u00e0 quelque chose d'authentique.<\/p><\/blockquote>\t\t\t\t\t\t\t\t<\/div>\n\t\t\t\t<div class=\"elementor-element elementor-element-a69069a elementor-widget-divider--view-line elementor-widget elementor-widget-divider\" data-id=\"a69069a\" data-element_type=\"widget\" data-e-type=\"widget\" data-widget_type=\"divider.default\">\n\t\t\t\t\t\t\t<div class=\"elementor-divider\">\n\t\t\t<span class=\"elementor-divider-separator\">\n\t\t\t\t\t\t<\/span>\n\t\t<\/div>\n\t\t\t\t\t\t<\/div>\n\t\t\t\t<div class=\"elementor-element elementor-element-dc9c5cc elementor-align-center elementor-widget elementor-widget-button\" data-id=\"dc9c5cc\" data-element_type=\"widget\" data-e-type=\"widget\" data-widget_type=\"button.default\">\n\t\t\t\t\t\t\t\t\t\t<a class=\"elementor-button elementor-button-link elementor-size-sm elementor-animation-push\" href=\"https:\/\/franquiciascdm.com\/fr\/contact\/\">\n\t\t\t\t\t\t<span class=\"elementor-button-content-wrapper\">\n\t\t\t\t\t\t\t\t\t<span class=\"elementor-button-text\">Comment rejoindre la famille ?<\/span>\n\t\t\t\t\t<\/span>\n\t\t\t\t\t<\/a>\n\t\t\t\t\t\t\t\t<\/div>\n\t\t\t\t\t<\/div>\n\t\t\t\t<\/div>\n\t\t\t\t<\/div>","protected":false},"excerpt":{"rendered":"<p>Abre tu propio Cr\u00eapes Du Monde S\u00e9 parte de una marca que redefine la gastronom\u00eda sin gluten. Descubre c\u00f3mo unirte a la familia https:\/\/franquiciascdm.com\/wp-content\/uploads\/Crepes-Du-Monde-Feliz-Navidad.mp4 MODELO DE COLABORACI\u00d3N Crecemos contigo, paso a paso. En Cr\u00eapes Du Monde creemos en un modelo cercano, colaborativo y humano. Cada franquiciado cuenta con nuestro apoyo desde la formaci\u00f3n hasta la [&hellip;]<\/p>\n","protected":false},"author":1,"featured_media":0,"parent":0,"menu_order":3,"comment_status":"closed","ping_status":"closed","template":"","meta":{"slim_seo":{"title":"Franquicia - Cr\u00eapes Du Monde Franquicias","description":"Ouvrez votre propre Cr\u00eapes Du Monde Rejoignez une marque qui red\u00e9finit la gastronomie sans gluten. D\u00e9couvrez comment rejoindre la famille https:\/\/franquiciascdm.com\/wp-con"},"footnotes":""},"class_list":["post-54","page","type-page","status-publish","hentry"],"_links":{"self":[{"href":"https:\/\/franquiciascdm.com\/fr\/wp-json\/wp\/v2\/pages\/54","targetHints":{"allow":["GET"]}}],"collection":[{"href":"https:\/\/franquiciascdm.com\/fr\/wp-json\/wp\/v2\/pages"}],"about":[{"href":"https:\/\/franquiciascdm.com\/fr\/wp-json\/wp\/v2\/types\/page"}],"author":[{"embeddable":true,"href":"https:\/\/franquiciascdm.com\/fr\/wp-json\/wp\/v2\/users\/1"}],"replies":[{"embeddable":true,"href":"https:\/\/franquiciascdm.com\/fr\/wp-json\/wp\/v2\/comments?post=54"}],"version-history":[{"count":0,"href":"https:\/\/franquiciascdm.com\/fr\/wp-json\/wp\/v2\/pages\/54\/revisions"}],"wp:attachment":[{"href":"https:\/\/franquiciascdm.com\/fr\/wp-json\/wp\/v2\/media?parent=54"}],"curies":[{"name":"wp","href":"https:\/\/api.w.org\/{rel}","templated":true}]}}